{"id":111,"date":"2022-02-01T11:35:21","date_gmt":"2022-02-01T10:35:21","guid":{"rendered":"http:\/\/meandros-briones.rs-sport.es\/?page_id=111"},"modified":"2026-01-28T17:39:15","modified_gmt":"2026-01-28T16:39:15","slug":"reglamento-e-informacion","status":"publish","type":"page","link":"https:\/\/meandros-briones.rs-sport.es\/index.php\/reglamento-e-informacion\/","title":{"rendered":"Reglamento e informaci\u00f3n"},"content":{"rendered":"\n<p>A continuaci\u00f3n se detalla la informaci\u00f3n referente a la prueba, cualquier duda que tengas puedes ponerte en contacto con nosotros a trav\u00e9s del formulario de contacto o a trav\u00e9s del correo electr\u00f3nico <strong>losmeandrosdebriones@gmail.com<\/strong><\/p>\n\n\n\n<h4 class=\"wp-block-heading\"><strong>Fecha l\u00edmite inscripci\u00f3n:<\/strong><\/h4>\n\n\n\n<p>Hasta el 19 de abril a las 23:59 horas o hasta cumplirse el cupo de inscripciones.<\/p>\n\n\n\n<h4 class=\"wp-block-heading\"><strong>Horarios<\/strong><\/h4>\n\n\n\n<figure class=\"wp-block-table\"><table><tbody><tr><td><strong>HORA<\/strong><\/td><td><strong>ACTIVIDAD<\/strong><\/td><td><strong>INFO<\/strong><\/td><\/tr><tr><td><strong>09:00<\/strong><\/td><td>\n<strong>Apertura de la casa de cultura &nbsp;para la recogida de dorsales y la bolsa del corredor<\/strong>\n<\/td><td>&nbsp;<\/td><\/tr><tr><td><strong>09:00<\/strong><\/td><td>\n<strong>Apertura de los Vestuarios, consigna y ba\u00f1os.<\/strong>\n<\/td><td>&nbsp;<\/td><\/tr><tr><td><strong>10:00<\/strong><\/td><td>\n<strong>Desayuno para los corredores, acompa\u00f1antes y voluntarios.<\/strong>\n<\/td><td>PLAZA<\/td><\/tr><tr><td><strong>10:00<\/strong><\/td><td>\n<strong>&nbsp;Entrega de dorsales para los ni\u00f1os en la plaza<\/strong>\n<\/td><td>PLAZA<\/td><\/tr><tr><td><strong>10:30<\/strong><\/td><td> <strong>CARRERA INFANTIL 2017-2018<\/strong> <\/td><td>\n1 VUELTA&nbsp; &nbsp; 300 metros\n<\/td><\/tr><tr><td><strong>10:45<\/strong><\/td><td> <strong>CARRERA INFANTIL 2015-2016<\/strong><\/td><td>2 VUELTAS&nbsp; 600 metros<\/td><\/tr><tr><td><strong>11.00<\/strong><\/td><td> <strong>CARRERA INFANTIL 2012-2013-2014<\/strong><\/td><td>3 VUELTAS&nbsp; 1.200 metros<\/td><\/tr><tr><td><strong>11:00<\/strong><\/td><td>\n<strong>Hinchables para los peques ( guarder\u00eda )<\/strong>\n<\/td><td>1 VUELTA<\/td><\/tr><tr><td><strong>11:30<\/strong><\/td><td>\n<strong>PRUEBA ABSOLUTA 7km y 13km<\/strong> (c\u00e1mara de llamadas obligatoria 10 minutos antes de &nbsp;comenzar)\n<\/td><td>PLAZA<\/td><\/tr><tr><td><strong>13:30<\/strong><\/td><td>\n<strong>Entrega de trofeos y sorteo de regalos.<\/strong>\n<\/td><td>PLAZA<\/td><\/tr><tr><td><strong>16:00<\/strong><\/td><td><strong>M\u00fasica para los peques.<\/strong><\/td><\/tr><\/tbody><\/table><\/figure>\n\n\n\n<p><strong>Art\u00edculo 1\u00ba<\/strong>. La Pe\u00f1a Zamaca organiza con la colaboraci\u00f3n de Ayto de Briones y \u00a0la colaboraci\u00f3n de diferentes entidades privadas la VII edici\u00f3n de la carrera popular Los meandros de Briones de 7 y 13 Km. En ella podr\u00e1n participar todas las personas que lo deseen, debidamente inscritas. <br> <br> <strong>Art\u00edculo 2\u00ba. <\/strong>El recorrido de la prueba es de 7 \u00f3 13 Km, fij\u00e1ndose la celebraci\u00f3n el d\u00eda 26 de abril de 2026, domingo, seg\u00fan horario adjunto. El tiempo l\u00edmite para completar la prueba ser\u00e1 2 hora , fij\u00e1ndose la finalizaci\u00f3n de la misma a las 13:30 horas. <br>Se dar\u00e1 la salida y meta en la Plaza de Espa\u00f1a de Briones. La carrera ser\u00e1 cronometrada manualmente por la organizaci\u00f3n.<br> <br> <strong>Art\u00edculo 3\u00ba<\/strong>. Se establecen los siguientes plazos de inscripci\u00f3n:<br> <br> Del 1 de Febrero al 19 de abril de 2026: 10 EUROS.<br> \u00a0<br> Inscripci\u00f3n fuera de plazo (el mismo d\u00eda de la carrera): 15 EUROS. <br> <br> La inscripci\u00f3n podr\u00e1 efectuarse en: <br> <br><a href=\"https:\/\/www.rs-sport.es\/inscripciones\/detalles-evento\/evento\/87-meandros-briones-2023\">www.rs-sport.es<\/a><\/p>\n\n\n\n<p>El dorsal de la prueba, junto con la bolsa del corredor, se recoger\u00e1n el s\u00e1bado d\u00eda 25 de abril de 18 a 20 y domingo 26 de abril de 9:00 a 11:00 \u00a0en \u201cLa casa de cultura. No se entregar\u00e1n dorsal ni bolsa del corredor despu\u00e9s de esta hora.<br> <br> <strong>Art\u00edculo 4\u00ba<\/strong>. CATEGORIAS. Los participantes ser\u00e1n agrupados en las siguientes categor\u00edas, seg\u00fan su sexo y distancia. <br> <br> <strong>Art\u00edculo 5\u00ba<\/strong>. Los tres primeros atletas clasificados en cada una de las categor\u00edas establecidas en el art\u00edculo 4\u00ba, recibir\u00e1n un trofeo acreditativo de su clasificaci\u00f3n. <br> <br> El ACTO DE ENTREGA DE TROFEOS se realizar\u00e1 a partir de las 14:00. No se entregar\u00e1 ning\u00fan trofeo ni premio con anterioridad al mismo. Igualmente, aquellos corredores que no recojan su trofeo,\u00a0 premio especial de participaci\u00f3n durante dicha ceremonia, perder\u00e1n cualquier derecho a reclamarlo posteriormente. <br> <br> <strong>Art\u00edculo 6\u00ba<\/strong>. Se habilitar\u00e1 un puesto de avituallamiento l\u00edquido en el punto kilom\u00e9trico 8, y otro s\u00f3lido y l\u00edquido en meta. El servicio de duchas se ubicar\u00e1 en la casa de cultura y en las piscinas. \u00a0<br> <br> <strong>Art\u00edculo 7\u00ba<\/strong>. Durante el desarrollo de la prueba los \u00fanicos veh\u00edculos que podr\u00e1n seguir la misma ser\u00e1n los propios de la organizaci\u00f3n. <br> <br> <strong>Art\u00edculo 8\u00ba<\/strong>. Ser\u00e1n descalificados aquellos participantes que no atiendan las indicaciones de la organizaci\u00f3n, los que no lleven el dorsal perfectamente visible en la llegada y los que no cubran el recorrido de la prueba en su totalidad. El control de llegada de los participantes se cerrar\u00e1 a las 13:30 horas. <br> <br> <strong>Art\u00edculo 9\u00ba<\/strong>. La organizaci\u00f3n declina toda responsabilidad sobre los da\u00f1os que la participaci\u00f3n en esta prueba pueda \u00a0causarse a s\u00ed mismo, o derivar de ella, a cualquier participante. No obstante, todos los participantes estar\u00e1n amparados por una p\u00f3liza de seguro de accidentes y responsabilidad civil. Estar\u00e1n excluidos los derivados de un padecimiento latente, imprudencia, negligencia e inobservancia de las leyes. Tambi\u00e9n quedar\u00e1n excluidos los producidos por desplazamientos a\/o desde el lugar en el que se desarrolla la prueba. <br> <br> <strong>Art\u00edculo 10\u00ba<\/strong>. Toda reclamaci\u00f3n deber\u00e1 formularse ante el responsable de cronometraje de la prueba por parte del interesado o persona que le represente en el plazo m\u00e1ximo de 30 minutos con posterioridad a la lectura, por megafon\u00eda, de los resultados oficiales de la prueba. La decisi\u00f3n del responsable de cronometraje ser\u00e1 inapelable. <br> <br> <strong>Art\u00edculo 11\u00ba<\/strong>. Los servicios sanitarios y servicios de ambulancia se situar\u00e1n en la zona de meta durante el transcurso de la prueba y durante el periodo de tiempo que se considere necesario por parte de la organizaci\u00f3n.<br> <br> <strong>Art\u00edculo 12\u00ba<\/strong>. Al inscribirse en la XI Carrera a pie popular \u201c Los meandros de Briones\u201d 2026, los participantes dan su consentimiento para el organizador, Pe\u00f1a Zamaca, para\u00a0 que traten autom\u00e1ticamente y con finalidad exclusivamente deportiva, promocional o comercial, sus datos de car\u00e1cter personal. Asimismo y de acuerdo a los intereses deportivos, de promoci\u00f3n, distribuci\u00f3n y explotaci\u00f3n de la XI Carrera a pie popular \u201c Los meandros de Briones\u201d , a todo el mundo (reproducci\u00f3n de im\u00e1genes y fotograf\u00edas de la prueba, publicaci\u00f3n de listados clasificatorios, etc.) mediante cualquier dispositivo (Internet, publicidad, etc.) y sin l\u00edmite temporal, los inscritos ceden de manera expresa a la organizaci\u00f3n el derecho a reproducir el nombre y apellidos, el puesto obtenido en la clasificaci\u00f3n general y la propia del participante, la categor\u00eda, la marca deportiva realizada y su imagen. <br> <strong><br> Art\u00edculo 13\u00ba<\/strong>. Todos los participantes, por el hecho de tomar la salida, asumen la aceptaci\u00f3n del presente reglamento. Toda persona que corra sin estar inscrita \u00f3 sin mostrar visible el dorsal en el pecho, lo har\u00e1 bajo su responsabilidad y no podr\u00e1 participar de avituallamientos, trofeos ni obsequios. Asimismo, no estar\u00e1 amparada por la p\u00f3liza de seguro contratada y quedar\u00e1 terminantemente prohibida su entrada en l\u00ednea de meta. <\/p>\n\n\n\n<p><strong>Organizaci\u00f3n:<\/strong><\/p>\n\n\n\n<p>El comit\u00e9 organizador se reserva el derecho de modificar la actividad en funci\u00f3n de las necesidades, as\u00ed como la anulaci\u00f3n de la prueba en caso de fuerza mayor.<\/p>\n\n\n\n<p>Todo el dinero obtenido con la actividad ir\u00e1 destinado tanta a la asociaci\u00f3n \u00abBriones Medieval\u00bb.<\/p>\n\n\n\n<p><strong>Organizaci\u00f3n:<\/strong><\/p>\n\n\n\n<p>A efecto de lo previsto en el reglamento general de protecci\u00f3n de datos, de 25 de mayo de 2018, se informa de que los datos de car\u00e1cter personal recabados a trav\u00e9s de la inscripci\u00f3n en esta competici\u00f3n ser\u00e1n incluidos en un fichero cuyo responsable es la Asociaci\u00f3n Los Meandros de Briones. La finalidad de esta recogida de datos de car\u00e1cter personal es realizar tareas de gesti\u00f3n del propio evento, as\u00ed como para remitir informaci\u00f3n necesaria al participante para la actividad. Podr\u00e1n dirigir sus comunicaciones y ejercitar los derechos de acceso, rectificaci\u00f3n, cancelaci\u00f3n y oposici\u00f3n, mediante comunicaci\u00f3n por escrito v\u00eda e-mail (<strong>losmeandrosdebriones@gmail.com<\/strong>).<\/p>\n\n\n\n<p><strong>Derecho de imagen<\/strong><\/p>\n\n\n\n<p>La aceptaci\u00f3n del presente reglamento implica que el participante autoriza a la Organizaci\u00f3n a la grabaci\u00f3n total o parcial de su participaci\u00f3n en la misma y presta su consentimiento para que pueda ser utilizada su imagen como consecuencia de la promoci\u00f3n y difusi\u00f3n de la prueba en la que ha participado sin derecho por su parte a recibir compensaci\u00f3n econ\u00f3mica alguna.<\/p>\n","protected":false},"excerpt":{"rendered":"<p>A continuaci\u00f3n se detalla la informaci\u00f3n referente a la prueba, cualquier duda que tengas puedes ponerte en contacto con nosotros a trav\u00e9s del formulario de contacto o a trav\u00e9s del correo electr\u00f3nico losmeandrosdebriones@gmail.com Fecha l\u00edmite inscripci\u00f3n: Hasta el 19 de abril a las 23:59 horas o hasta cumplirse el cupo de inscripciones. Horarios HORA ACTIVIDAD [&hellip;]<\/p>\n","protected":false},"author":1,"featured_media":0,"parent":0,"menu_order":0,"comment_status":"closed","ping_status":"closed","template":"","meta":{"_et_pb_use_builder":"","_et_pb_old_content":"","_et_gb_content_width":"","footnotes":""},"class_list":["post-111","page","type-page","status-publish","hentry"],"_links":{"self":[{"href":"https:\/\/meandros-briones.rs-sport.es\/index.php\/wp-json\/wp\/v2\/pages\/111","targetHints":{"allow":["GET"]}}],"collection":[{"href":"https:\/\/meandros-briones.rs-sport.es\/index.php\/wp-json\/wp\/v2\/pages"}],"about":[{"href":"https:\/\/meandros-briones.rs-sport.es\/index.php\/wp-json\/wp\/v2\/types\/page"}],"author":[{"embeddable":true,"href":"https:\/\/meandros-briones.rs-sport.es\/index.php\/wp-json\/wp\/v2\/users\/1"}],"replies":[{"embeddable":true,"href":"https:\/\/meandros-briones.rs-sport.es\/index.php\/wp-json\/wp\/v2\/comments?post=111"}],"version-history":[{"count":9,"href":"https:\/\/meandros-briones.rs-sport.es\/index.php\/wp-json\/wp\/v2\/pages\/111\/revisions"}],"predecessor-version":[{"id":221,"href":"https:\/\/meandros-briones.rs-sport.es\/index.php\/wp-json\/wp\/v2\/pages\/111\/revisions\/221"}],"wp:attachment":[{"href":"https:\/\/meandros-briones.rs-sport.es\/index.php\/wp-json\/wp\/v2\/media?parent=111"}],"curies":[{"name":"wp","href":"https:\/\/api.w.org\/{rel}","templated":true}]}}