{"id":98,"date":"2020-04-15T11:52:29","date_gmt":"2020-04-15T11:52:29","guid":{"rendered":"http:\/\/meandros-briones.rs-sport.es\/?page_id=98"},"modified":"2022-02-01T11:33:36","modified_gmt":"2022-02-01T10:33:36","slug":"informacion-de-la-actividad","status":"publish","type":"page","link":"https:\/\/meandros-briones.rs-sport.es\/index.php\/informacion-de-la-actividad\/","title":{"rendered":"Informaci\u00f3n de la actividad"},"content":{"rendered":"<p>[et_pb_section fb_built=\u00bb1&#8243; specialty=\u00bbon\u00bb _builder_version=\u00bb3.11&#8243; custom_padding=\u00bb50.4375px|0px|0|0px|false|false\u00bb][et_pb_column type=\u00bb3_4&#8243; specialty_columns=\u00bb3&#8243; _builder_version=\u00bb3.0.47&#8243; parallax=\u00bboff\u00bb parallax_method=\u00bbon\u00bb][et_pb_row_inner _builder_version=\u00bb3.11&#8243;][et_pb_column_inner type=\u00bb4_4&#8243; saved_specialty_column_type=\u00bb3_4&#8243; _builder_version=\u00bb3.0.47&#8243; parallax=\u00bboff\u00bb parallax_method=\u00bbon\u00bb][et_pb_text _builder_version=\u00bb3.11&#8243;]<\/p>\n<p><span style=\"font-size: x-large;\"><strong>INFORMACI\u00d3N DE LA ACTIVIDAD SOLIDARIA<\/strong><\/span><\/p>\n<p>A continuaci\u00f3n se detalla la informaci\u00f3n referente al evento solidaria, cualquier duda que tengas puedes ponerte en contacto con nosotros a trav\u00e9s del formulario de contacto o a trav\u00e9s del correo electr\u00f3nico <strong>losmeandrosdebriones@gmail.com<\/strong><\/p>\n<h4><strong><\/strong><\/h4>\n<h4><b>Fecha l\u00edmite inscripci\u00f3n:<\/b><\/h4>\n<p>Hasta el 2 de mayo a las 23:59 horas o hasta cumplirse el cupo de inscripciones.<\/p>\n<p><strong style=\"color: #000000; font-size: 18px;\">Impresi\u00f3n de dorsales:<\/strong><\/p>\n<p><span class=\"fontstyle0\">Los dorsales ser\u00e1n enviados en las siguientes 24h tras la recepci\u00f3n del correo electr\u00f3nico de confirmaci\u00f3n junto con la normativa de la prueba y podr\u00e1n ser impresos en su propio domicilio para participar en el evento.<\/span><\/p>\n<h4><b>Horarios<\/b><\/h4>\n<p><b><\/b><\/p>\n<p><b>(Por determinar)<\/b><\/p>\n<table>\n<tbody>\n<tr>\n<td><strong>HORA<\/strong><\/td>\n<td><b>ACTIVIDAD<\/b><\/td>\n<td><b>INFO<\/b><\/td>\n<\/tr>\n<tr>\n<td><strong>09:00<\/strong><\/td>\n<td><strong>Apertura de la casa de cultura &nbsp;para la recogida de dorsales y la bolsa del corredor<\/strong><\/td>\n<td><\/td>\n<\/tr>\n<tr>\n<td><strong>09:00<\/strong><\/td>\n<td><strong>Apertura de los Vestuarios, consigna y ba\u00f1os.<\/strong><\/td>\n<td><\/td>\n<\/tr>\n<tr>\n<td><strong>10:00<\/strong><\/td>\n<td><strong>Desayuno para los corredores, acompa\u00f1antes y voluntarios.<\/strong><\/td>\n<td>PLAZA<\/td>\n<\/tr>\n<tr>\n<td><strong>10:00<\/strong><\/td>\n<td><strong>&nbsp;Entrega de dorsales para los ni\u00f1os en la plaza<\/strong><\/td>\n<td>PLAZA<\/td>\n<\/tr>\n<tr>\n<td><strong>10:30<\/strong><\/td>\n<td><b>CARRERA INFANTIL 2011-2012-2013<\/b><\/td>\n<td>1 VUELTA&nbsp; &nbsp; 300 metros<\/td>\n<\/tr>\n<tr>\n<td><strong>10:45<\/strong><\/td>\n<td><b>CARRERA INFANTIL 2010-2009<\/b><\/td>\n<td>2 VUELTAS&nbsp; 600 metros<\/td>\n<\/tr>\n<tr>\n<td><strong>11.00<\/strong><\/td>\n<td><b>CARRERA INFANTIL 2008-2007<\/b><\/td>\n<td>3 VUELTAS&nbsp; 1.200 metros<\/td>\n<\/tr>\n<tr>\n<td><strong>11:00<\/strong><\/td>\n<td><strong>Hinchables para los peques ( guarder\u00eda )<\/strong><\/td>\n<td>1 VUELTA<\/td>\n<\/tr>\n<tr>\n<td><strong>11:30<\/strong><\/td>\n<td><strong>PRUEBA ABSOLUTA 7km y 13km<\/strong> (c\u00e1mara de llamadas obligatoria 10 minutos antes de &nbsp;comenzar)<\/td>\n<td>PLAZA<\/td>\n<\/tr>\n<tr>\n<td><strong>13:30<\/strong><\/td>\n<td><strong>Entrega de trofeos y sorteo de regalos.<\/strong><\/td>\n<td>PLAZA<\/td>\n<\/tr>\n<tr>\n<td><strong>16:00<\/strong><\/td>\n<td colspan=\"2\"><strong>M\u00fasica para los peques.<\/strong><\/td>\n<\/tr>\n<\/tbody>\n<\/table>\n<p><strong><\/strong><\/p>\n<h4><b>Modalidades:<\/b><\/h4>\n<p>Se disponen de tres modalidades para participar en el evento:<\/p>\n<ul>\n<li>Actividad desde los 13 a\u00f1os&nbsp;<\/li>\n<li>Actividad infantil hasta los 13 a\u00f1os<\/li>\n<li>Dorsal 0 &#8211; Donaciones<\/li>\n<\/ul>\n<p><b style=\"color: #333333; font-size: 18px;\">Organizaci\u00f3n:<\/b><\/p>\n<p>El comit\u00e9 organizador se reserva el derecho de modificar la actividad en funci\u00f3n de las necesidades, as\u00ed como la anulaci\u00f3n de la prueba en caso de fuerza mayor.<\/p>\n<p>Todo el dinero obtenido con la actividad ir\u00e1 destinado tanta a la asociaci\u00f3n \u00abCocina Econ\u00f3mica de Logro\u00f1o\u00bb as\u00ed como al \u00abBanco de Alimentos de La Rioja\u00bb<\/p>\n<p><span style=\"font-size: large; color: #000000;\"><b>Organizaci\u00f3n:<\/b><\/span><\/p>\n<p>A efecto de lo previsto en el reglamento general de protecci\u00f3n de datos, de 25 de mayo de 2018, se informa de que los datos de car\u00e1cter personal recabados a trav\u00e9s de la inscripci\u00f3n en esta competici\u00f3n ser\u00e1n incluidos en un fichero cuyo responsable es la Asociaci\u00f3n Los Meandros de Briones. La finalidad de esta recogida de datos de car\u00e1cter personal es realizar tareas de gesti\u00f3n del propio evento, as\u00ed como para remitir informaci\u00f3n necesaria al participante para la actividad. Podr\u00e1n dirigir sus comunicaciones y ejercitar los derechos de acceso, rectificaci\u00f3n, cancelaci\u00f3n y oposici\u00f3n, mediante comunicaci\u00f3n por escrito v\u00eda e-mail (<strong>losmeandrosdebriones@gmail.com<\/strong>).<\/p>\n<p><strong style=\"color: #000000; font-size: large;\">Derecho de imagen<\/strong><\/p>\n<p><span style=\"font-size: 14px;\">La aceptaci\u00f3n del presente reglamento implica que el participante autoriza a la Organizaci\u00f3n a la grabaci\u00f3n total o parcial de su participaci\u00f3n en la misma y presta su consentimiento para que pueda ser utilizada su imagen como consecuencia de la promoci\u00f3n y difusi\u00f3n de la prueba en la que ha participado sin derecho por su parte a recibir compensaci\u00f3n econ\u00f3mica alguna.<\/span><\/p>\n<div id=\"sidebar\">\n<div id=\"search-2\" class=\"et_pb_widget widget_search\">\n<form role=\"search\" method=\"get\" id=\"searchform\" class=\"searchform\" action=\"http:\/\/www.sansilvestrecidiana.com\/\"><\/form>\n<\/div>\n<\/div>\n<p>&nbsp;<\/p>\n<p>&nbsp;<\/p>\n<p>[\/et_pb_text][\/et_pb_column_inner][\/et_pb_row_inner][\/et_pb_column][et_pb_column type=\u00bb1_4&#8243; _builder_version=\u00bb3.0.47&#8243; parallax=\u00bboff\u00bb parallax_method=\u00bbon\u00bb][et_pb_sidebar _builder_version=\u00bb3.11&#8243;][\/et_pb_sidebar][\/et_pb_column][\/et_pb_section]<\/p>\n","protected":false},"excerpt":{"rendered":"<p>INFORMACI\u00d3N DE LA ACTIVIDAD SOLIDARIA A continuaci\u00f3n se detalla la informaci\u00f3n referente al evento solidaria, cualquier duda que tengas puedes ponerte en contacto con nosotros a trav\u00e9s del formulario de contacto o a trav\u00e9s del correo electr\u00f3nico losmeandrosdebriones@gmail.com Fecha l\u00edmite inscripci\u00f3n: Hasta el 2 de mayo a las 23:59 horas o hasta cumplirse el cupo [&hellip;]<\/p>\n","protected":false},"author":1,"featured_media":0,"parent":0,"menu_order":0,"comment_status":"closed","ping_status":"closed","template":"","meta":{"_et_pb_use_builder":"on","_et_pb_old_content":"","_et_gb_content_width":"","footnotes":""},"class_list":["post-98","page","type-page","status-publish","hentry"],"_links":{"self":[{"href":"https:\/\/meandros-briones.rs-sport.es\/index.php\/wp-json\/wp\/v2\/pages\/98","targetHints":{"allow":["GET"]}}],"collection":[{"href":"https:\/\/meandros-briones.rs-sport.es\/index.php\/wp-json\/wp\/v2\/pages"}],"about":[{"href":"https:\/\/meandros-briones.rs-sport.es\/index.php\/wp-json\/wp\/v2\/types\/page"}],"author":[{"embeddable":true,"href":"https:\/\/meandros-briones.rs-sport.es\/index.php\/wp-json\/wp\/v2\/users\/1"}],"replies":[{"embeddable":true,"href":"https:\/\/meandros-briones.rs-sport.es\/index.php\/wp-json\/wp\/v2\/comments?post=98"}],"version-history":[{"count":6,"href":"https:\/\/meandros-briones.rs-sport.es\/index.php\/wp-json\/wp\/v2\/pages\/98\/revisions"}],"predecessor-version":[{"id":110,"href":"https:\/\/meandros-briones.rs-sport.es\/index.php\/wp-json\/wp\/v2\/pages\/98\/revisions\/110"}],"wp:attachment":[{"href":"https:\/\/meandros-briones.rs-sport.es\/index.php\/wp-json\/wp\/v2\/media?parent=98"}],"curies":[{"name":"wp","href":"https:\/\/api.w.org\/{rel}","templated":true}]}}